{"id":2482,"date":"2020-12-12T22:47:22","date_gmt":"2020-12-12T21:47:22","guid":{"rendered":"https:\/\/www.collegedelouest.ch\/wordpress\/?page_id=2482"},"modified":"2020-12-12T23:06:17","modified_gmt":"2020-12-12T22:06:17","slug":"images-du-college","status":"publish","type":"page","link":"https:\/\/www.collegedelouest.ch\/wordpress\/images-du-college\/","title":{"rendered":"Images du coll\u00e8ge"},"content":{"rendered":"\n<p>Voici quelques images du coll\u00e8ge de l&rsquo;Ouest, un grand coll\u00e8ge qui retrouve peu \u00e0 peu une nouvelle jeunesse avec des panneaux solaires qui couvrent d\u00e9sormais son toit.<\/p>\n\n\n\n<figure class=\"wp-block-gallery columns-3 is-cropped wp-block-gallery-1 is-layout-flex wp-block-gallery-is-layout-flex\"><ul class=\"blocks-gallery-grid\"><li class=\"blocks-gallery-item\"><figure><img loading=\"lazy\" decoding=\"async\" width=\"768\" height=\"1024\" src=\"https:\/\/www.collegedelouest.ch\/wordpress\/wp-content\/uploads\/2020\/12\/EPO_FaceEst2_Site-768x1024.jpg\" alt=\"\" data-id=\"2486\" data-full-url=\"https:\/\/www.collegedelouest.ch\/wordpress\/wp-content\/uploads\/2020\/12\/EPO_FaceEst2_Site.jpg\" data-link=\"https:\/\/www.collegedelouest.ch\/wordpress\/images-du-college\/epo_faceest2_site\/\" class=\"wp-image-2486\" srcset=\"https:\/\/www.collegedelouest.ch\/wordpress\/wp-content\/uploads\/2020\/12\/EPO_FaceEst2_Site-768x1024.jpg 768w, https:\/\/www.collegedelouest.ch\/wordpress\/wp-content\/uploads\/2020\/12\/EPO_FaceEst2_Site-225x300.jpg 225w, https:\/\/www.collegedelouest.ch\/wordpress\/wp-content\/uploads\/2020\/12\/EPO_FaceEst2_Site-1152x1536.jpg 1152w, https:\/\/www.collegedelouest.ch\/wordpress\/wp-content\/uploads\/2020\/12\/EPO_FaceEst2_Site-690x920.jpg 690w, https:\/\/www.collegedelouest.ch\/wordpress\/wp-content\/uploads\/2020\/12\/EPO_FaceEst2_Site-980x1307.jpg 980w, https:\/\/www.collegedelouest.ch\/wordpress\/wp-content\/uploads\/2020\/12\/EPO_FaceEst2_Site.jpg 1440w\" sizes=\"auto, (max-width: 768px) 100vw, 768px\" \/><\/figure><\/li><li class=\"blocks-gallery-item\"><figure><img loading=\"lazy\" decoding=\"async\" width=\"756\" height=\"567\" src=\"https:\/\/www.collegedelouest.ch\/wordpress\/wp-content\/uploads\/2020\/12\/EPO_FaceNord_Site.jpg\" alt=\"\" data-id=\"2487\" data-full-url=\"https:\/\/www.collegedelouest.ch\/wordpress\/wp-content\/uploads\/2020\/12\/EPO_FaceNord_Site.jpg\" data-link=\"https:\/\/www.collegedelouest.ch\/wordpress\/images-du-college\/epo_facenord_site\/\" class=\"wp-image-2487\" srcset=\"https:\/\/www.collegedelouest.ch\/wordpress\/wp-content\/uploads\/2020\/12\/EPO_FaceNord_Site.jpg 756w, https:\/\/www.collegedelouest.ch\/wordpress\/wp-content\/uploads\/2020\/12\/EPO_FaceNord_Site-300x225.jpg 300w, https:\/\/www.collegedelouest.ch\/wordpress\/wp-content\/uploads\/2020\/12\/EPO_FaceNord_Site-690x518.jpg 690w\" sizes=\"auto, (max-width: 756px) 100vw, 756px\" \/><\/figure><\/li><li class=\"blocks-gallery-item\"><figure><img loading=\"lazy\" decoding=\"async\" width=\"756\" height=\"567\" src=\"https:\/\/www.collegedelouest.ch\/wordpress\/wp-content\/uploads\/2020\/12\/EPO_JeuxEglise_Site.jpg\" alt=\"\" data-id=\"2488\" data-full-url=\"https:\/\/www.collegedelouest.ch\/wordpress\/wp-content\/uploads\/2020\/12\/EPO_JeuxEglise_Site.jpg\" data-link=\"https:\/\/www.collegedelouest.ch\/wordpress\/images-du-college\/epo_jeuxeglise_site\/\" class=\"wp-image-2488\" srcset=\"https:\/\/www.collegedelouest.ch\/wordpress\/wp-content\/uploads\/2020\/12\/EPO_JeuxEglise_Site.jpg 756w, https:\/\/www.collegedelouest.ch\/wordpress\/wp-content\/uploads\/2020\/12\/EPO_JeuxEglise_Site-300x225.jpg 300w, https:\/\/www.collegedelouest.ch\/wordpress\/wp-content\/uploads\/2020\/12\/EPO_JeuxEglise_Site-690x518.jpg 690w\" sizes=\"auto, (max-width: 756px) 100vw, 756px\" \/><\/figure><\/li><li class=\"blocks-gallery-item\"><figure><img loading=\"lazy\" decoding=\"async\" width=\"756\" height=\"505\" src=\"https:\/\/www.collegedelouest.ch\/wordpress\/wp-content\/uploads\/2020\/12\/EPO_Site.jpg\" alt=\"\" data-id=\"2490\" data-full-url=\"https:\/\/www.collegedelouest.ch\/wordpress\/wp-content\/uploads\/2020\/12\/EPO_Site.jpg\" data-link=\"https:\/\/www.collegedelouest.ch\/wordpress\/images-du-college\/projection-equirectangular-2fov-137-x-91ev-13-69\/\" class=\"wp-image-2490\" srcset=\"https:\/\/www.collegedelouest.ch\/wordpress\/wp-content\/uploads\/2020\/12\/EPO_Site.jpg 756w, https:\/\/www.collegedelouest.ch\/wordpress\/wp-content\/uploads\/2020\/12\/EPO_Site-300x200.jpg 300w, https:\/\/www.collegedelouest.ch\/wordpress\/wp-content\/uploads\/2020\/12\/EPO_Site-690x461.jpg 690w\" sizes=\"auto, (max-width: 756px) 100vw, 756px\" \/><\/figure><\/li><\/ul><\/figure>\n","protected":false},"excerpt":{"rendered":"<p>Voici quelques images du coll\u00e8ge de l&rsquo;Ouest, un grand coll\u00e8ge qui retrouve peu \u00e0 peu une nouvelle jeunesse avec des panneaux solaires qui couvrent d\u00e9sormais son toit.<\/p>\n","protected":false},"author":1,"featured_media":0,"parent":0,"menu_order":0,"comment_status":"closed","ping_status":"closed","template":"","meta":{"footnotes":""},"class_list":["post-2482","page","type-page","status-publish","hentry"],"_links":{"self":[{"href":"https:\/\/www.collegedelouest.ch\/wordpress\/wp-json\/wp\/v2\/pages\/2482","targetHints":{"allow":["GET"]}}],"collection":[{"href":"https:\/\/www.collegedelouest.ch\/wordpress\/wp-json\/wp\/v2\/pages"}],"about":[{"href":"https:\/\/www.collegedelouest.ch\/wordpress\/wp-json\/wp\/v2\/types\/page"}],"author":[{"embeddable":true,"href":"https:\/\/www.collegedelouest.ch\/wordpress\/wp-json\/wp\/v2\/users\/1"}],"replies":[{"embeddable":true,"href":"https:\/\/www.collegedelouest.ch\/wordpress\/wp-json\/wp\/v2\/comments?post=2482"}],"version-history":[{"count":4,"href":"https:\/\/www.collegedelouest.ch\/wordpress\/wp-json\/wp\/v2\/pages\/2482\/revisions"}],"predecessor-version":[{"id":2493,"href":"https:\/\/www.collegedelouest.ch\/wordpress\/wp-json\/wp\/v2\/pages\/2482\/revisions\/2493"}],"wp:attachment":[{"href":"https:\/\/www.collegedelouest.ch\/wordpress\/wp-json\/wp\/v2\/media?parent=2482"}],"curies":[{"name":"wp","href":"https:\/\/api.w.org\/{rel}","templated":true}]}}